{"id":2523,"date":"2025-07-01T14:39:08","date_gmt":"2025-07-01T14:39:08","guid":{"rendered":"https:\/\/www.valtoria.com\/aviso-legal\/"},"modified":"2026-02-20T13:40:22","modified_gmt":"2026-02-20T13:40:22","slug":"aviso-legal","status":"publish","type":"page","link":"https:\/\/www.valtoria.com\/es\/aviso-legal\/","title":{"rendered":"Aviso Legal"},"content":{"rendered":"\n<p class=\"subtitle\">\u00daltima versi\u00f3n: 08\/04\/2025<\/p>\n\n\n\n<p class=\"strong-inline\">El titular de la p\u00e1gina web alojada en la URL valtoria.com (la \u201c<strong>Web<\/strong>\u201d) es la entidad VALTORIA, SARL (\u201c<strong>VALTORIA<\/strong>\u201d), cuyos datos de identificaci\u00f3n son los que se detallan a continuaci\u00f3n:<\/p>\n\n\n\n<p>VALTORIA SARL<\/p>\n\n\n\n<ul class=\"wp-block-list\">\n<li>Domicilio social: 2 Avenue de la Madone, 98000 M\u00f3naco (Principado de M\u00f3naco) 98000. M\u00f3naco<\/li>\n\n\n\n<li>Tlf: <a href=\"tel:+33680329060\" target=\"_blank\" rel=\"noreferrer noopener\">+33 680329060<\/a><\/li>\n\n\n\n<li>RCI: 25S09979<\/li>\n\n\n\n<li>TVA: FR24000184886<\/li>\n\n\n\n<li>EMAIL: <a href=\"mailto:customercare@valtoria.com\" target=\"_blank\" rel=\"noreferrer noopener\">customercare@valtoria.com<\/a><\/li>\n<\/ul>\n\n\n\n<p>Este Aviso Legal rige el acceso y la utilizaci\u00f3n de la Web por parte de los usuarios.<\/p>\n\n\n\n<p class=\"h2 strong\"><strong>Acceso a la Web<\/strong><\/p>\n\n\n\n<p>El acceso y\/o utilizaci\u00f3n de la Web comporta la aceptaci\u00f3n del Aviso Legal.<\/p>\n\n\n\n<p>El usuario debe leer atentamente el Aviso Legal cuando se proponga utilizar la Web, ya que puede modificarse en cualquier momento. Si no acepta el Aviso Legal, rogamos abstenerse de utilizar la Web y su contenido. <\/p>\n\n\n\n<p class=\"h2 strong\"><strong>Uso de la Web<\/strong><\/p>\n\n\n\n<p>El usuario se compromete a hacer un uso diligente de la Web, as\u00ed como de la informaci\u00f3n relativa a los productos y servicios contenidos en el mismo, con total sujeci\u00f3n a la normativa aplicable, al Aviso Legal y, si procede, el resto de t\u00e9rminos y condiciones previstas en la Web.<\/p>\n\n\n\n<p>Asimismo, el usuario se obliga a hacer un uso adecuado de los servicios y\/o contenidos de la Web y no utilizarlos para realizar actividades il\u00edcitas y\/o que atenten contra derechos de terceros. En este sentido, el usuario se obliga a no transmitir, introducir, difundir ni poner a disposici\u00f3n del resto de usuarios cualquier tipo de material e informaci\u00f3n que sean contrarios a la normativa vigente y al Aviso Legal. <\/p>\n\n\n\n<p>En caso de que se incumpla el Aviso Legal o, en su caso, cualquier otro t\u00e9rmino y condiciones de la Web, VALTORIA se reserva el derecho a limitar, suspender y\/o terminar el acceso a la Web, adoptando cualquier medida que sea necesaria al efecto.<\/p>\n\n\n\n<p>VALTORIA hace todo lo posible por mantener la Web en buen funcionamiento, evitando errores o, en su caso, solucion\u00e1ndolos. Sin embargo, VALTORIA no garantiza la disponibilidad y continuidad en el acceso a la Web ni la inexistencia de errores en sus contenidos, as\u00ed como que est\u00e9n debidamente actualizados. <\/p>\n\n\n\n<p class=\"h2 strong\"><strong>Responsabilidad<\/strong><\/p>\n\n\n\n<p>Tanto el acceso a la Web como el uso que pueda hacerse de cualquier informaci\u00f3n que la Web contenga se hace bajo la responsabilidad exclusiva del usuario.<\/p>\n\n\n\n<p>VALTORIA no se responsabiliza de cualquier da\u00f1o y\/o perjuicio que pueda derivarse, directa o indirectamente, del acceso o uso de la informaci\u00f3n contenida en la Web y, especialmente, de aquella informaci\u00f3n relativa a terceros distintos de VALTORIA, incluyendo -y sin limitarlo- los producidos en los sistemas inform\u00e1ticos o los provocados por la introducci\u00f3n de virus y\/o ataques inform\u00e1ticos y tampoco ser\u00e1 responsable de los da\u00f1os que puedan sufrir los usuarios por un uso inadecuado de la Web ni de las ca\u00eddas, interrupciones, ausencia o defecto en las comunicaciones y\/o en Internet. <\/p>\n\n\n\n<p>VALTORIA tampoco se responsabiliza de los da\u00f1os producidos en el software y\/o hardware de los usuarios que se derive del acceso y\/o utilizaci\u00f3n de la Web, ni de la informaci\u00f3n enviada por el usuario cuando no tenga conocimiento efectivo de que la informaci\u00f3n almacenada es il\u00edcita o de que pueda lesionar derechos de terceros. En el momento que tenga conocimiento efectivo de que contiene datos como los anteriores referidos, VALTORIA se compromete a actuar con diligencia para retirarlos o hacer imposible el acceso a los mismos. <\/p>\n\n\n\n<p>El usuario se obliga a mantener indemne a VALTORIA de cualquier posible reclamaci\u00f3n o sanci\u00f3n que pueda venir obligada a soportar a consecuencia del incumplimiento por parte del usuario de la normativa vigente y del Aviso Legal. VALTORIA se reserva el derecho a solicitar la indemnizaci\u00f3n por da\u00f1os y perjuicios que corresponda a los usuarios que hagan un uso inapropiado de la Web o no respeten el Aviso Legal. <\/p>\n\n\n\n<p class=\"h2 strong\"><strong>Pol\u00edtica en materia de enlaces<\/strong><\/p>\n\n\n\n<p style=\"text-decoration:underline\">Enlaces con la Web<\/p>\n\n\n\n<p class=\"strong-inline\">Cualquiera que tenga intenci\u00f3n de incluir en un sitio web (la \u201c<strong>Web Enlazante <\/strong>\u201d) un enlace que dirija a la Web, o un enmarcado con la misma, deber\u00e1 cumplir con la legislaci\u00f3n vigente y, en ning\u00fan caso, podr\u00e1 alojar contenidos, propios o de terceros, que (i) sean il\u00edcitos, nocivos, violentos, racistas, denigrantes, etc.; y\/o (ii) resulten inadecuados y\/o no pertinentes en relaci\u00f3n con la actividad y los productos y\/o servicios de VALTORIA.<\/p>\n\n\n\n<p>En ning\u00fan caso, el enlace implica que VALTORIA avale, promocione, garantice, supervise y\/o recomiende el contenido y\/o los servicios de la Web Enlazante, aunque sea responsable del contenido.<\/p>\n\n\n\n<p>En caso de incumplimiento de cualquiera de los t\u00e9rminos referidos anteriormente, la Web Enlazante deber\u00e1 suprimir el enlace a la Web de forma inmediata.<\/p>\n\n\n\n<p style=\"text-decoration:underline\">Enlaces con otras webs<\/p>\n\n\n\n<p>En la Web se pueden incluir diferentes enlaces que permitan al usuario acceder a otras webs (la \u201cWeb Enlazada\u201d).<\/p>\n\n\n\n<p>En ning\u00fan caso, la existencia de Webs Enlazadas comporta recomendaci\u00f3n, promoci\u00f3n, identificaci\u00f3n y\/o conformidad de VALTORIA con las manifestaciones, contenidos y\/o servicios proporcionados mediante las Webs Enlazadas.<\/p>\n\n\n\n<p>En consecuencia, VALTORIA no se hace responsable del contenido, y los t\u00e9rminos y condiciones de las Webs Enlazadas. El usuario es el \u00fanico responsable de comprobarlos y aceptarlos cada vez que acceda a ellos y los utilice. <\/p>\n\n\n\n<p class=\"h2 strong\"><strong>Propiedad intelectual e industrial<\/strong><\/p>\n\n\n\n<p>Todos los derechos de propiedad intelectual sobre los diferentes elementos y contenidos de la Web (textos, gr\u00e1ficos, fotograf\u00edas, v\u00eddeos, iconos, grabaciones sonoras, combinaciones de colores, c\u00f3digos fuente, etc.) [los \u201cContenidos\u201d], as\u00ed como su estructura, selecci\u00f3n y orden, son titularidad de VALTORIA o, en su caso, de sus licenciantes.<\/p>\n\n\n\n<p>Igualmente, los signos distintivos y nombre\/s de dominio de la Web son titularidad de VALTORIA o, en su caso, de los licenciantes sin que pueda entenderse que el acceso a la Web atribuya alg\u00fan derecho sobre los mismos.<\/p>\n\n\n\n<p>En consecuencia, queda expresamente prohibido al usuario la reproducci\u00f3n, transformaci\u00f3n, distribuci\u00f3n, comunicaci\u00f3n p\u00fablica, puesta a disposici\u00f3n, extracci\u00f3n y\/o cualquier otra forma de difusi\u00f3n no autorizada expresamente de la Web, de los contenidos y\/o los signos distintivos de VALTORIA.<\/p>\n\n\n\n<p>La utilizaci\u00f3n no autorizada de los Contenidos, as\u00ed como los perjuicios ocasionados en los derechos de propiedad intelectual e industrial de VALTORIA, pueden dar lugar al ejercicio de las acciones que legalmente le correspondan, ya las responsabilidades que, en su caso, se deriven.<\/p>\n\n\n\n<p class=\"h2 strong\"><strong>Publicidad<\/strong><\/p>\n\n\n\n<p>VALTORIA podr\u00e1 incluir en su Web contenidos publicitarios y\/o patrocinios de terceros. Los anunciantes y patrocinadores ser\u00e1n los \u00fanicos responsables de asegurarse de que el material remitido para su inclusi\u00f3n en la Web cumple \u00edntegramente con la legislaci\u00f3n que, en cada caso, pueda ser de aplicaci\u00f3n. <\/p>\n\n\n\n<p>En consecuencia, VALTORIA no ser\u00e1 responsable de cualquier error, inexactitud y\/o irregularidad que puedan incluir los contenidos publicitarios o de los patrocinadores.<\/p>\n\n\n\n<p class=\"h2 strong\"><strong>Redes sociales<\/strong><\/p>\n\n\n\n<p>VALTORIA dispone de perfiles en algunas redes sociales (como, por ejemplo, Tik Tok e Instagram), con el fin de informar sobre sus productos, servicios y actividades.<\/p>\n\n\n\n<p>Los usuarios que se adhieran a alguno de los perfiles abiertos por VALTORIA en las redes sociales tendr\u00e1n que respetar y cumplir los t\u00e9rminos y condiciones de la red social de que se trate.<\/p>\n\n\n\n<p>VALTORIA podr\u00e1 acceder a la informaci\u00f3n de car\u00e1cter p\u00fablico de los usuarios de la red social y enviar mensajes individuales cuando la red social lo permita, aunque no ser\u00e1n incorporados a ning\u00fan fichero, a menos que se indique lo contrario.<\/p>\n\n\n\n<p>VALTORIA se reserva el derecho a realizar concursos, promociones y\/o sorteos a trav\u00e9s de sus cuentas en las redes sociales y en los que podr\u00e1n participar los usuarios que est\u00e9n adheridos a sus perfiles.<\/p>\n\n\n\n<p class=\"h2 strong\"><strong>Protecci\u00f3n de datos personales<\/strong><\/p>\n\n\n\n<p>Los aspectos relativos al tratamiento de los datos personales de los usuarios de la Web se regulan en la <a href=\"https:\/\/www.valtoria.com\/es\/politica-de-privacidad\/\" data-type=\"page\" data-id=\"3\">Pol\u00edtica de Privacidad<\/a>.<\/p>\n\n\n\n<p class=\"h2 strong\"><strong>Nulidad<\/strong><\/p>\n\n\n\n<p>Si cualquiera de las cl\u00e1usulas del Aviso Legal fuera declarada, total o parcialmente, nula o ineficaz, esta nulidad o ineficacia afectar\u00e1 \u00fanicamente a aquella disposici\u00f3n o parte de la misma que resulte nula o ineficaz, y \u00e9stas permanecer\u00e1n vigentes en todo lo dem\u00e1s, teni\u00e9ndose por no puesta la parte de la misma que resulte afectada.<\/p>\n\n\n\n<p>A tal efecto, el Aviso Legal s\u00f3lo dejar\u00e1 de tener validez exclusivamente respecto a la disposici\u00f3n nula o ineficaz, y ninguna otra parte o disposici\u00f3n quedar\u00e1 anulada, invalidada, perjudicada o afectada por tal nulidad o ineficacia.<\/p>\n\n\n\n<p class=\"h2 strong\"><strong>Tribunales competentes<\/strong><\/p>\n\n\n\n<p>En cualquier caso, en caso de que surja cualquier conflicto y\/o discrepancia en la interpretaci\u00f3n y\/o aplicaci\u00f3n del Aviso Legal, los Juzgados y Tribunales que, en su caso, conocer\u00e1n el asunto ser\u00e1n los previstos en la normativa legal aplicable.<\/p>\n\n\n\n<p><\/p>\n","protected":false},"excerpt":{"rendered":"<p>\u00daltima versi\u00f3n: 08\/04\/2025 El titular de la p\u00e1gina web alojada en la URL valtoria.com (la \u201cWeb\u201d) es la entidad VALTORIA, SARL (\u201cVALTORIA\u201d), cuyos datos de identificaci\u00f3n son los que se detallan a continuaci\u00f3n: VALTORIA SARL Este Aviso Legal rige el acceso y la utilizaci\u00f3n de la Web por parte de los usuarios. Acceso a la [&hellip;]<\/p>\n","protected":false},"author":93,"featured_media":0,"parent":0,"menu_order":0,"comment_status":"closed","ping_status":"closed","template":"template-text.php","meta":{"_acf_changed":false,"footnotes":""},"class_list":["post-2523","page","type-page","status-publish","hentry"],"acf":[],"_links":{"self":[{"href":"https:\/\/www.valtoria.com\/es\/wp-json\/wp\/v2\/pages\/2523","targetHints":{"allow":["GET"]}}],"collection":[{"href":"https:\/\/www.valtoria.com\/es\/wp-json\/wp\/v2\/pages"}],"about":[{"href":"https:\/\/www.valtoria.com\/es\/wp-json\/wp\/v2\/types\/page"}],"author":[{"embeddable":true,"href":"https:\/\/www.valtoria.com\/es\/wp-json\/wp\/v2\/users\/93"}],"replies":[{"embeddable":true,"href":"https:\/\/www.valtoria.com\/es\/wp-json\/wp\/v2\/comments?post=2523"}],"version-history":[{"count":5,"href":"https:\/\/www.valtoria.com\/es\/wp-json\/wp\/v2\/pages\/2523\/revisions"}],"predecessor-version":[{"id":3676,"href":"https:\/\/www.valtoria.com\/es\/wp-json\/wp\/v2\/pages\/2523\/revisions\/3676"}],"wp:attachment":[{"href":"https:\/\/www.valtoria.com\/es\/wp-json\/wp\/v2\/media?parent=2523"}],"curies":[{"name":"wp","href":"https:\/\/api.w.org\/{rel}","templated":true}]}}