{"id":2533,"date":"2025-07-01T14:35:27","date_gmt":"2025-07-01T14:35:27","guid":{"rendered":"https:\/\/www.valtoria.com\/politica-de-cookies\/"},"modified":"2026-02-20T13:46:22","modified_gmt":"2026-02-20T13:46:22","slug":"politica-de-cookies","status":"publish","type":"page","link":"https:\/\/www.valtoria.com\/es\/politica-de-cookies\/","title":{"rendered":"Pol\u00edtica de cookies"},"content":{"rendered":"\n<p>\u00daltima versi\u00f3n: 08\/04\/2025<\/p>\n\n<p><strong>\u00bfQu\u00e9 son las cookies?<br\/><\/strong>Las cookies son archivos que contienen informaci\u00f3n, y que se generan en el dispositivo del usuario al navegar por una p\u00e1gina web.<\/p>\n\n<p><strong>\u00bfQu\u00e9 tipo de cookies existen?<\/strong><\/p>\n\n<figure class=\"wp-block-table\"><table class=\"has-fixed-layout\"><tbody><tr><td><strong>Seg\u00fan la entidad que las gestiona<\/strong><\/td><td>Propias<\/td><td>Son aquellas que se recogen por el propio editor para ofrecer el servicio solicitado por el usuario<\/td><\/tr><tr><td><\/td><td>De terceros<\/td><td>Son aquellas que se recogen y gestionan por un tercero<\/td><\/tr><tr><td><strong>Seg\u00fan el tiempo que est\u00e1n activas<\/strong><\/td><td>De sesi\u00f3n<\/td><td> Recogen datos mientras el usuario navega por una web y desaparecen al finalizar la sesi\u00f3n<\/td><\/tr><tr><td><\/td><td>Persistentes<\/td><td>Se almacenan en el terminal y la informaci\u00f3n obtenida puede ser accedida y tratada durante un per\u00edodo concreto<\/td><\/tr><tr><td><strong>Seg\u00fan su finalidad<\/strong><\/td><td>T\u00e9cnicas<\/td><td>Permiten la correcta navegaci\u00f3n por una web. Tambi\u00e9n habilitan el uso de ciertos complementos que completan las funciones de la web y que permiten integrar elementos de seguridad, identificar la sesi\u00f3n del usuario, habilitar pasarelas de pago, etc.<\/td><\/tr><tr><td><strong><\/strong><\/td><td>Preferencias o Personalizaci\u00f3n<\/td><td>Permiten recordar informaci\u00f3n al usuario para que acceda al servicio con determinadas caracter\u00edsticas, por ejemplo, definir el idioma, configuraci\u00f3n regional o tipos de navegador<\/td><\/tr><tr><td><strong><\/strong><\/td><td>Anal\u00edticas o medici\u00f3n<\/td><td>Permiten el an\u00e1lisis, seguimiento y medici\u00f3n de la navegaci\u00f3n realizada por el usuario, con el fin de mejorar su experiencia<\/td><\/tr><tr><td><strong><\/strong><\/td><td>Publicidad comportamental<\/td><td>Permiten obtener informaci\u00f3n del comportamiento del usuario a trav\u00e9s de la observaci\u00f3n de sus h\u00e1bitos de navegaci\u00f3n que permiten ofrecer publicidad concreta<\/td><\/tr><\/tbody><\/table><\/figure>\n\n<p><strong>\u00bfQu\u00e9 tipo de cookies se recogen en la Web?<\/strong><\/p>\n\n<figure class=\"wp-block-table\"><table class=\"has-fixed-layout\"><tbody><tr><td>Finalidades<\/td><td>Origen<\/td><td>Vencimiento<\/td><\/tr><tr><td>T\u00e9cnicas<\/td><td>Propias<\/td><td>Sesi\u00f3n<\/td><\/tr><tr><td>An\u00e1lisis<\/td><td>Propias<\/td><td> Session<\/td><\/tr><\/tbody><\/table><\/figure>\n\n<p>El usuario puede informarse de las transferencias a terceros pa\u00edses que, en su caso, realizan a los terceros en sus correspondientes pol\u00edticas.<\/p>\n\n<p>En el supuesto de que modifiquen las cookies de la Web, la Pol\u00edtica de Cookies se actualizar\u00e1 oportunamente.<\/p>\n\n<p>Adem\u00e1s, las cookies se tratar\u00e1n conforme a la Pol\u00edtica de Privacidad.<\/p>\n\n<p><strong>\u00bfC\u00f3mo configurar o deshabilitar las cookies?<\/strong><\/p>\n\n<p>El usuario puede configurar las cookies a trav\u00e9s del panel de configuraci\u00f3n previsto en la Web. En todo caso, \u00fanicamente se recoger\u00e1n cookies t\u00e9cnicas, pues son necesarias para la navegaci\u00f3n por el Sitio Web. Si el usuario decide rechazar el uso de cookies, podr\u00e1 continuar navegando por el Sitio Web, aunque algunas funcionalidades podr\u00edan estar limitadas.<\/p>\n\n<p>Adicionalmente, el usuario puede consultar las opciones o instrucciones facilitadas por su navegador, a trav\u00e9s de los siguientes enlaces:<\/p>\n\n<ul class=\"wp-block-list\">\n<li><a href=\"https:\/\/support.microsoft.com\/es-es\/windows\/administrar-cookies-en-microsoft-edge-ver-permitir-bloquear-eliminar-y-usar-168dab11-0753-043d-7c16-ede5947fc64d\" target=\"_blank\" rel=\"noopener\"><\/a>Configuraci\u00f3n de cookies de Internet Explorer<\/li>\n\n\n\n<li>Configuraci\u00f3n de cookies de Firefox<\/li>\n\n\n\n<li>Configuraci\u00f3n de cookies de Google Chrome<\/li>\n\n\n\n<li>Configuraci\u00f3n de cookies de Safari<\/li>\n\n\n\n<li>Configuraci\u00f3n de cookies de Opera<\/li>\n<\/ul>\n\n<p>Estos navegadores est\u00e1n sometidos a actualizaciones o modificaciones, por lo que no puede garantizarse que se ajusten completamente a la versi\u00f3n del navegador del usuario.<\/p>\n\n<p>Para obtener informaci\u00f3n adicional sobre el tratamiento de la informaci\u00f3n identificativa mediante el uso de cookies, el usuario podr\u00e1 consultar la Pol\u00edtica de Privacidad.<\/p>\n","protected":false},"excerpt":{"rendered":"<p>\u00daltima versi\u00f3n: 08\/04\/2025 \u00bfQu\u00e9 son las cookies?Las cookies son archivos que contienen informaci\u00f3n, y que se generan en el dispositivo del usuario al navegar por una p\u00e1gina web. \u00bfQu\u00e9 tipo de cookies existen? Seg\u00fan la entidad que las gestiona Propias Son aquellas que se recogen por el propio editor para ofrecer el servicio solicitado por [&hellip;]<\/p>\n","protected":false},"author":93,"featured_media":0,"parent":0,"menu_order":0,"comment_status":"closed","ping_status":"closed","template":"template-text.php","meta":{"_acf_changed":false,"footnotes":""},"class_list":["post-2533","page","type-page","status-publish","hentry"],"acf":[],"_links":{"self":[{"href":"https:\/\/www.valtoria.com\/es\/wp-json\/wp\/v2\/pages\/2533","targetHints":{"allow":["GET"]}}],"collection":[{"href":"https:\/\/www.valtoria.com\/es\/wp-json\/wp\/v2\/pages"}],"about":[{"href":"https:\/\/www.valtoria.com\/es\/wp-json\/wp\/v2\/types\/page"}],"author":[{"embeddable":true,"href":"https:\/\/www.valtoria.com\/es\/wp-json\/wp\/v2\/users\/93"}],"replies":[{"embeddable":true,"href":"https:\/\/www.valtoria.com\/es\/wp-json\/wp\/v2\/comments?post=2533"}],"version-history":[{"count":2,"href":"https:\/\/www.valtoria.com\/es\/wp-json\/wp\/v2\/pages\/2533\/revisions"}],"predecessor-version":[{"id":2614,"href":"https:\/\/www.valtoria.com\/es\/wp-json\/wp\/v2\/pages\/2533\/revisions\/2614"}],"wp:attachment":[{"href":"https:\/\/www.valtoria.com\/es\/wp-json\/wp\/v2\/media?parent=2533"}],"curies":[{"name":"wp","href":"https:\/\/api.w.org\/{rel}","templated":true}]}}