{"id":2571,"date":"2025-05-26T10:56:39","date_gmt":"2025-05-26T10:56:39","guid":{"rendered":"https:\/\/www.valtoria.com\/inicio\/"},"modified":"2026-03-27T16:59:19","modified_gmt":"2026-03-27T16:59:19","slug":"home","status":"publish","type":"page","link":"https:\/\/www.valtoria.com\/es\/","title":{"rendered":"Home"},"content":{"rendered":"\n<p>Gafas de lujo en M\u00f3naco \u2013 Edici\u00f3n limitada y hechas a mano en Jap\u00f3n<\/p>\n\n\n\n<p>Valtoria es una marca de gafas de lujo originaria de M\u00f3naco, Monte Carlo, especializada en\u00a0gafas de edici\u00f3n limitada hechas a mano en Jap\u00f3n. Inspiradas en un dise\u00f1o atemporal y una artesan\u00eda refinada, nuestras colecciones est\u00e1n creadas para clientes exigentes que buscan exclusividad, calidad y elegancia. Combinamos el estilo mediterr\u00e1neo con la precisi\u00f3n artesanal japonesa, ofreciendo una visi\u00f3n \u00fanica del lujo en el coraz\u00f3n de M\u00f3naco.<\/p>\n\n\n\n<p>Cada montura,&nbsp;hecha a mano en Jap\u00f3n, se fabrica meticulosamente utilizando los mejores materiales, incluyendo acetato premium y titanio. Nuestras&nbsp;colecciones de edici\u00f3n limitada&nbsp;garantizan exclusividad, mientras que las lentes ZEISS ofrecen un rendimiento \u00f3ptico excepcional, claridad y protecci\u00f3n.<\/p>\n\n\n\n<p>Valtoria ofrece en M\u00f3naco, Monte Carlo, una cuidada selecci\u00f3n de gafas de sol de dise\u00f1ador y monturas \u00f3pticas, Brindando una experiencia exclusiva que combina artesan\u00eda, innovaci\u00f3n y los m\u00e1s altos est\u00e1ndares de calidad.<\/p>\n\n\n\n<p><strong>Lentes de sol de dise\u00f1ador \u2013 Edici\u00f3n limitada hechas a mano en Jap\u00f3n<\/strong><\/p>\n\n\n\n<p>Valtoria es un referente en gafas de sol de lujo en M\u00f3naco, ofreciendo una selecci\u00f3n \u00fanica de lentes de alta gama para una clientela internacional. Descubre nuestra colecci\u00f3n de edici\u00f3n limitada hechas a mano en Jap\u00f3n, que combinan la artesan\u00eda tradicional con un dise\u00f1o de lujo contempor\u00e1neo.<\/p>\n\n\n\n<p>Ubicada en M\u00f3naco, Valtoria ofrece una experiencia personalizada y sofisticada en showroom. Ya sea que busques gafas de sol llamativas o monturas \u00f3pticas elegantes, nuestro equipo te guiar\u00e1 a trav\u00e9s de una selecci\u00f3n curada de piezas exclusivas.<\/p>\n","protected":false},"excerpt":{"rendered":"<p>Gafas de lujo en M\u00f3naco \u2013 Edici\u00f3n limitada y hechas a mano en Jap\u00f3n Valtoria es una marca de gafas de lujo originaria de M\u00f3naco, Monte Carlo, especializada en\u00a0gafas de edici\u00f3n limitada hechas a mano en Jap\u00f3n. Inspiradas en un dise\u00f1o atemporal y una artesan\u00eda refinada, nuestras colecciones est\u00e1n creadas para clientes exigentes que buscan [&hellip;]<\/p>\n","protected":false},"author":93,"featured_media":4319,"parent":0,"menu_order":0,"comment_status":"closed","ping_status":"closed","template":"template-home.php","meta":{"_acf_changed":false,"footnotes":""},"class_list":["post-2571","page","type-page","status-publish","has-post-thumbnail","hentry"],"acf":[],"_links":{"self":[{"href":"https:\/\/www.valtoria.com\/es\/wp-json\/wp\/v2\/pages\/2571","targetHints":{"allow":["GET"]}}],"collection":[{"href":"https:\/\/www.valtoria.com\/es\/wp-json\/wp\/v2\/pages"}],"about":[{"href":"https:\/\/www.valtoria.com\/es\/wp-json\/wp\/v2\/types\/page"}],"author":[{"embeddable":true,"href":"https:\/\/www.valtoria.com\/es\/wp-json\/wp\/v2\/users\/93"}],"replies":[{"embeddable":true,"href":"https:\/\/www.valtoria.com\/es\/wp-json\/wp\/v2\/comments?post=2571"}],"version-history":[{"count":5,"href":"https:\/\/www.valtoria.com\/es\/wp-json\/wp\/v2\/pages\/2571\/revisions"}],"predecessor-version":[{"id":4732,"href":"https:\/\/www.valtoria.com\/es\/wp-json\/wp\/v2\/pages\/2571\/revisions\/4732"}],"wp:featuredmedia":[{"embeddable":true,"href":"https:\/\/www.valtoria.com\/es\/wp-json\/wp\/v2\/media\/4319"}],"wp:attachment":[{"href":"https:\/\/www.valtoria.com\/es\/wp-json\/wp\/v2\/media?parent=2571"}],"curies":[{"name":"wp","href":"https:\/\/api.w.org\/{rel}","templated":true}]}}