{"id":2588,"date":"2025-05-26T16:12:39","date_gmt":"2025-05-26T16:12:39","guid":{"rendered":"https:\/\/www.valtoria.com\/artesania\/"},"modified":"2026-03-26T12:39:34","modified_gmt":"2026-03-26T12:39:34","slug":"artesania","status":"publish","type":"page","link":"https:\/\/www.valtoria.com\/es\/artesania\/","title":{"rendered":"Artesan\u00eda"},"content":{"rendered":"\n<p>Las gafas de sol de lujo hechas a mano son el coraz\u00f3n de Valtoria. Cada par de gafas se fabrica artesanalmente en Jap\u00f3n por expertos artesanos, garantizando una calidad excepcional, precisi\u00f3n y un dise\u00f1o atemporal. Valtoria combina materiales premium como el titanio y acetato japon\u00e9s y las lentes ZEISS.<\/p>\n\n\n\n<p>En cada par de lentes de sol, Valtoria refleja un compromiso con la excelencia, fusionando la artesan\u00eda tradicional japonesa con la innovaci\u00f3n moderna para crear piezas \u00fanicas de lujo. Dise\u00f1adas en M\u00f3naco,  Valtoria representa el equilibrio perfecto entre el lujo europeo y la precisi\u00f3n japonesa.<\/p>\n\n\n\n<p><\/p>\n","protected":false},"excerpt":{"rendered":"<p>Las gafas de sol de lujo hechas a mano son el coraz\u00f3n de Valtoria. Cada par de gafas se fabrica artesanalmente en Jap\u00f3n por expertos artesanos, garantizando una calidad excepcional, precisi\u00f3n y un dise\u00f1o atemporal. Valtoria combina materiales premium como el titanio y acetato japon\u00e9s y las lentes ZEISS. En cada par de lentes de [&hellip;]<\/p>\n","protected":false},"author":93,"featured_media":0,"parent":0,"menu_order":0,"comment_status":"closed","ping_status":"closed","template":"template-craftmanship.php","meta":{"_acf_changed":false,"footnotes":""},"class_list":["post-2588","page","type-page","status-publish","hentry"],"acf":[],"_links":{"self":[{"href":"https:\/\/www.valtoria.com\/es\/wp-json\/wp\/v2\/pages\/2588","targetHints":{"allow":["GET"]}}],"collection":[{"href":"https:\/\/www.valtoria.com\/es\/wp-json\/wp\/v2\/pages"}],"about":[{"href":"https:\/\/www.valtoria.com\/es\/wp-json\/wp\/v2\/types\/page"}],"author":[{"embeddable":true,"href":"https:\/\/www.valtoria.com\/es\/wp-json\/wp\/v2\/users\/93"}],"replies":[{"embeddable":true,"href":"https:\/\/www.valtoria.com\/es\/wp-json\/wp\/v2\/comments?post=2588"}],"version-history":[{"count":2,"href":"https:\/\/www.valtoria.com\/es\/wp-json\/wp\/v2\/pages\/2588\/revisions"}],"predecessor-version":[{"id":4724,"href":"https:\/\/www.valtoria.com\/es\/wp-json\/wp\/v2\/pages\/2588\/revisions\/4724"}],"wp:attachment":[{"href":"https:\/\/www.valtoria.com\/es\/wp-json\/wp\/v2\/media?parent=2588"}],"curies":[{"name":"wp","href":"https:\/\/api.w.org\/{rel}","templated":true}]}}