{"id":2646,"date":"2025-05-22T15:24:20","date_gmt":"2025-05-22T15:24:20","guid":{"rendered":"https:\/\/www.valtoria.com\/politica-de-privacidad\/"},"modified":"2026-03-23T14:34:07","modified_gmt":"2026-03-23T14:34:07","slug":"politica-de-privacidad","status":"publish","type":"page","link":"https:\/\/www.valtoria.com\/es\/politica-de-privacidad\/","title":{"rendered":"Pol\u00edtica de Privacidad"},"content":{"rendered":"\n<p class=\"subtitle has-small-font-size\"><strong>\u00daltima versi\u00f3n: 09\/04\/2025<\/strong><\/p>\n\n\n\n<p class=\"p1 has-small-font-size\">De acuerdo con la normativa vigente en materia de protecci\u00f3n de datos personales, informamos que los datos personales facilitados por el usuario ser\u00e1n tratados, de conformidad con lo siguiente:<\/p>\n\n\n\n<p class=\"p1 has-small-font-size\"><\/p>\n\n\n\n<ul class=\"wp-block-list\">\n<li class=\"p1\"><strong>Responsable del tratamiento:<\/strong> VALTORIA SARL (\u201cVALTORIA\u201d)<\/li>\n\n\n\n<li class=\"p1\"><strong>Domicilio social:<\/strong> 2 Avenue de la Madone, 98000, M\u00f3naco.<\/li>\n\n\n\n<li class=\"p1\"><strong>N.I.F n\u00ba:<\/strong> S.A.R.L. No 25S09979<\/li>\n\n\n\n<li class=\"p1\"><strong>Correo electr\u00f3nico:<\/strong> costumercare@valtoria.com<\/li>\n<\/ul>\n\n\n\n<p class=\"p1 has-small-font-size\"><strong>Finalidades del tratamiento, base jur\u00eddica y periodo de conservaci\u00f3n<\/strong><\/p>\n\n\n\n<p class=\"p2 has-small-font-size\">Se tratar\u00e1n los datos personales para las siguientes finalidades, en funci\u00f3n del motivo por el que el usuario nos los hayas facilitado:<br><\/p>\n\n\n\n<figure class=\"wp-block-table table-wrapper\" style=\"font-size:16px\"><table class=\"has-fixed-layout\"><tbody><tr><td class=\"has-text-align-left\" data-align=\"left\"><strong>Finalidades<\/strong><\/td><td class=\"has-text-align-left\" data-align=\"left\"><strong>Base jur\u00eddica<\/strong><\/td><td class=\"has-text-align-left\" data-align=\"left\"><strong>Conservaci\u00f3n<\/strong><\/td><\/tr><tr><td class=\"has-text-align-left\" data-align=\"left\">Solicitudes: Gestionar las peticiones de informaci\u00f3n.<\/td><td class=\"has-text-align-left\" data-align=\"left\">En todos los supuestos, el consentimiento.<br>Se podr\u00e1 revocar el consentimiento, en cualquier momento, sin que ello afecte de forma retroactiva al tratamiento de datos personales realizado hasta el momento. <\/td><td class=\"has-text-align-left\" data-align=\"left\">Solicitudes: Durante el tiempo necesario para gestionar las peticiones recibidas.<\/td><\/tr><tr><td class=\"has-text-align-left\" data-align=\"left\">Newsletters: En caso de que se soliciten recibir comunicaciones electr\u00f3nicas sobre las novedades, ofertas y servicios de VALTORIA.<\/td><td class=\"has-text-align-left\" data-align=\"left\">En todos los supuestos, el consentimiento.<br>Se podr\u00e1 revocar el consentimiento, en cualquier momento, sin que ello afecte de forma retroactiva al tratamiento de datos personales realizado hasta el momento. <\/td><td class=\"has-text-align-left\" data-align=\"left\">Newsletters: Hasta que se solicite su supresi\u00f3n, para poder seguir informando sobre novedades y actividades que puedan ser de su inter\u00e9s.<\/td><\/tr><\/tbody><\/table><\/figure>\n\n\n\n<p class=\"p1 has-small-font-size\">En los formularios de la Web ser\u00e1 necesario que el usuario cumplimente los campos se\u00f1alados como \u201cobligatorios\u201d. Si no se facilitan todos los datos de car\u00e1cter personal requeridos, podr\u00eda implicar una incompleta atenci\u00f3n de la solicitud requerida. <\/p>\n\n\n\n<p class=\"p1 has-small-font-size\">Es necesario facilitar los datos correctos y actualizados, ya que, en caso contrario, VALTORIA no puede garantizar el tratamiento adecuado para la finalidad de que se trate. El usuario garantiza y responder\u00e1 de que los datos aportados no sean verdaderos, exactos, completos y actualizados, as\u00ed como de cualquier da\u00f1o o perjuicio, directo o indirecto, que pudiera ocasionar como consecuencia del incumplimiento de esta obligaci\u00f3n.  <\/p>\n\n\n\n<p class=\"p1 has-small-font-size\">VALTORIA se reserva el derecho a excluir a cualquier usuario que haya facilitado datos falsos, sin perjuicio de otras acciones que legalmente correspondan.<\/p>\n\n\n\n<h2 class=\"wp-block-heading p1 has-small-font-size\"><strong>Destinatarios<\/strong><\/h2>\n\n\n\n<p class=\"p2 has-small-font-size\">No se comunicar\u00e1n datos a terceros, excepto obligaci\u00f3n legal. Sin perjuicio de lo anterior, los datos pueden ser tratados por entidades de fuera de la Uni\u00f3n Europea, en condiciones de seguridad y confidencialidad, de conformidad con las correspondientes garant\u00edas jur\u00eddicas, de las que se puede solicitar m\u00e1s informaci\u00f3n en costumercare@valtoria.com.  <\/p>\n\n\n\n<p class=\"p2 has-small-font-size\"><br><strong>Ejercicio de derechos<\/strong><br>En cualquier momento, el usuario podr\u00e1 ejercer los derechos de acceso a sus datos personales, solicitar la rectificaci\u00f3n de los datos inexactos y la supresi\u00f3n de los datos que ya no sean necesarios o, cuando se d\u00e9 alguno de los otros supuestos previstos legalmente, oponerse a su tratamiento por motivos relacionados con su situaci\u00f3n particular, as\u00ed como la limitaci\u00f3n y portabilidad en los supuestos previstos en la normativa vigente y, en su caso, el derecho a no ser objeto de decisiones individuales automatizadas, <\/p>\n\n\n\n<p class=\"p2 has-small-font-size\">mediante el env\u00edo de un correo electr\u00f3nico a <strong><em>costumercare@valtoria.com<\/em>.<\/strong><\/p>\n\n\n\n<p class=\"p2 has-small-font-size\">En caso de que el usuario no obtenga una respuesta satisfactoria y desee formular una reclamaci\u00f3n u obtener mayor informaci\u00f3n referente a cualquiera de estos derechos, el usuario puede acudir a la Autoridad de Control competente.<\/p>\n\n\n\n<p class=\"p2 has-small-font-size\"><strong>Medidas de seguridad<\/strong><br>VALTORIA tiene implantadas las medidas de seguridad de \u00edndole t\u00e9cnica y organizativas necesarias que garantizan la seguridad de sus datos personales y eviten su alteraci\u00f3n, p\u00e9rdida, tratamiento y\/o acceso no autorizado, habida cuenta del estado de la tecnolog\u00eda, la naturaleza de los datos almacenados y los riesgos a que est\u00e1n expuestos, ya provengan de la acci\u00f3n humana o del medio f\u00edsico o natural.<br><\/p>\n","protected":false},"excerpt":{"rendered":"<p>\u00daltima versi\u00f3n: 09\/04\/2025 De acuerdo con la normativa vigente en materia de protecci\u00f3n de datos personales, informamos que los datos personales facilitados por el usuario ser\u00e1n tratados, de conformidad con lo siguiente: Finalidades del tratamiento, base jur\u00eddica y periodo de conservaci\u00f3n Se tratar\u00e1n los datos personales para las siguientes finalidades, en funci\u00f3n del motivo por [&hellip;]<\/p>\n","protected":false},"author":93,"featured_media":0,"parent":0,"menu_order":0,"comment_status":"closed","ping_status":"closed","template":"template-text.php","meta":{"_acf_changed":false,"footnotes":""},"class_list":["post-2646","page","type-page","status-publish","hentry"],"acf":[],"_links":{"self":[{"href":"https:\/\/www.valtoria.com\/es\/wp-json\/wp\/v2\/pages\/2646","targetHints":{"allow":["GET"]}}],"collection":[{"href":"https:\/\/www.valtoria.com\/es\/wp-json\/wp\/v2\/pages"}],"about":[{"href":"https:\/\/www.valtoria.com\/es\/wp-json\/wp\/v2\/types\/page"}],"author":[{"embeddable":true,"href":"https:\/\/www.valtoria.com\/es\/wp-json\/wp\/v2\/users\/93"}],"replies":[{"embeddable":true,"href":"https:\/\/www.valtoria.com\/es\/wp-json\/wp\/v2\/comments?post=2646"}],"version-history":[{"count":4,"href":"https:\/\/www.valtoria.com\/es\/wp-json\/wp\/v2\/pages\/2646\/revisions"}],"predecessor-version":[{"id":3678,"href":"https:\/\/www.valtoria.com\/es\/wp-json\/wp\/v2\/pages\/2646\/revisions\/3678"}],"wp:attachment":[{"href":"https:\/\/www.valtoria.com\/es\/wp-json\/wp\/v2\/media?parent=2646"}],"curies":[{"name":"wp","href":"https:\/\/api.w.org\/{rel}","templated":true}]}}