{"id":2750,"date":"2025-07-16T13:12:08","date_gmt":"2025-07-16T13:12:08","guid":{"rendered":"https:\/\/www.valtoria.com\/?page_id=2750"},"modified":"2026-02-16T13:56:25","modified_gmt":"2026-02-16T13:56:25","slug":"envio-y-devoluciones","status":"publish","type":"page","link":"https:\/\/www.valtoria.com\/es\/envio-y-devoluciones\/","title":{"rendered":"Env\u00edo y devoluciones"},"content":{"rendered":"\n<p>El env\u00edo de los Productos al Cliente se realizar\u00e1 a trav\u00e9s de una empresa de transporte contratada por VALTORIA. Se considerar\u00e1 efectuada la entrega a partir del momento en que los Productos se pongan a disposici\u00f3n del Cliente.<\/p>\n\n\n\n<p>Una vez VALTORIA haya verificado que la compra se ha realizado correctamente, proceder\u00e1 a la entrega de los Productos en la direcci\u00f3n indicada por el Cliente en el procedimiento de compra, o en alguna de las tiendas f\u00edsicas de VALTORIA, en un plazo que depender\u00e1 del transportista pero que, en ning\u00fan caso, ser\u00e1 superior a los treinta (30) d\u00edas siguientes a la fecha de confirmaci\u00f3n del pedido. Por razones de seguridad, se requerir\u00e1 una firma en el momento de la entrega.<\/p>\n\n\n\n<p>El Cliente dispone de un plazo de catorce (14) d\u00edas naturales a contar desde la fecha de entrega de los Productos para ejercer su derecho de desistimiento. No obstante, no aplica el derecho de desistimiento en los supuestos legalmente previstos, por ejemplo, entre otros, cuando se trate de productos personalizados o confeccionados conforme a las especificaciones del Cliente.<\/p>\n","protected":false},"excerpt":{"rendered":"<p>El env\u00edo de los Productos al Cliente se realizar\u00e1 a trav\u00e9s de una empresa de transporte contratada por VALTORIA. Se considerar\u00e1 efectuada la entrega a partir del momento en que los Productos se pongan a disposici\u00f3n del Cliente. Una vez VALTORIA haya verificado que la compra se ha realizado correctamente, proceder\u00e1 a la entrega de [&hellip;]<\/p>\n","protected":false},"author":93,"featured_media":0,"parent":0,"menu_order":0,"comment_status":"closed","ping_status":"closed","template":"","meta":{"_acf_changed":false,"footnotes":""},"class_list":["post-2750","page","type-page","status-publish","hentry"],"acf":[],"_links":{"self":[{"href":"https:\/\/www.valtoria.com\/es\/wp-json\/wp\/v2\/pages\/2750","targetHints":{"allow":["GET"]}}],"collection":[{"href":"https:\/\/www.valtoria.com\/es\/wp-json\/wp\/v2\/pages"}],"about":[{"href":"https:\/\/www.valtoria.com\/es\/wp-json\/wp\/v2\/types\/page"}],"author":[{"embeddable":true,"href":"https:\/\/www.valtoria.com\/es\/wp-json\/wp\/v2\/users\/93"}],"replies":[{"embeddable":true,"href":"https:\/\/www.valtoria.com\/es\/wp-json\/wp\/v2\/comments?post=2750"}],"version-history":[{"count":2,"href":"https:\/\/www.valtoria.com\/es\/wp-json\/wp\/v2\/pages\/2750\/revisions"}],"predecessor-version":[{"id":3723,"href":"https:\/\/www.valtoria.com\/es\/wp-json\/wp\/v2\/pages\/2750\/revisions\/3723"}],"wp:attachment":[{"href":"https:\/\/www.valtoria.com\/es\/wp-json\/wp\/v2\/media?parent=2750"}],"curies":[{"name":"wp","href":"https:\/\/api.w.org\/{rel}","templated":true}]}}