{"id":1549,"date":"2025-06-19T10:50:34","date_gmt":"2025-06-19T10:50:34","guid":{"rendered":"https:\/\/www.valtoria.com\/products\/bianca\/"},"modified":"2026-03-27T15:11:35","modified_gmt":"2026-03-27T15:11:35","slug":"bianca","status":"publish","type":"product","link":"https:\/\/www.valtoria.com\/es\/productos\/bianca\/","title":{"rendered":"Bianca"},"content":{"rendered":"<p>Estas gafas de lujo presentan una sofisticada <b>montura cuadrada Bianca<\/b>, meticulosamente elaborada a mano en Jap\u00f3n con acetato de la m\u00e1s alta calidad. Su estructura combina elegancia y durabilidad, realzada por un acabado pulido que refina su est\u00e9tica. En algunos casos, el acabado mate aporta un toque distintivo.<\/p>\n<p>Las lentes, fabricadas por <b>ZEISS<\/b>, garantizan una visi\u00f3n n\u00edtida, ideal para quienes buscan la excelencia en cada detalle. Ofrecen protecci\u00f3n total contra los rayos <b>UVA<\/b> y <b>UVB<\/b>, asegurando confort y claridad visual en cualquier situaci\u00f3n. El interior de las varillas revela una exquisita fusi\u00f3n de tecnolog\u00eda y artesan\u00eda, con <b>detalles en titanio<\/b> y grabados distintivos que refuerzan su autenticidad y exclusividad. Este dise\u00f1o combina tradici\u00f3n y modernidad, creando una pieza \u00fanica para los amantes del lujo y la sofisticaci\u00f3n.<\/p>\n<p>Cada par forma parte de una <b>edici\u00f3n limitada<\/b>, asegurando que solo un n\u00famero selecto de personas pueda disfrutar de su dise\u00f1o refinado y su impecable elaboraci\u00f3n.<\/p>\n<p>Fusionando vanguardia y tradici\u00f3n, este modelo encarna la esencia del lujo sutil y la maestr\u00eda artesanal.<\/p>\n","protected":false},"excerpt":{"rendered":"<p>Estas gafas de lujo presentan una sofisticada montura cuadrada Bianca, meticulosamente elaborada a mano en Jap\u00f3n con acetato de la m\u00e1s alta calidad. Su estructura combina elegancia y durabilidad, realzada por un acabado pulido que refina su est\u00e9tica. En algunos casos, el acabado mate aporta un toque distintivo. Las lentes, fabricadas por ZEISS, garantizan una [&hellip;]<\/p>\n","protected":false},"featured_media":658,"comment_status":"open","ping_status":"closed","template":"","meta":{"_acf_changed":false},"product_brand":[],"product_cat":[32],"product_tag":[],"class_list":{"0":"post-1549","1":"product","2":"type-product","3":"status-publish","4":"has-post-thumbnail","6":"product_cat-sin-categoria","8":"first","9":"instock","10":"shipping-taxable","11":"purchasable","12":"product-type-variable"},"acf":[],"_links":{"self":[{"href":"https:\/\/www.valtoria.com\/es\/wp-json\/wp\/v2\/product\/1549","targetHints":{"allow":["GET"]}}],"collection":[{"href":"https:\/\/www.valtoria.com\/es\/wp-json\/wp\/v2\/product"}],"about":[{"href":"https:\/\/www.valtoria.com\/es\/wp-json\/wp\/v2\/types\/product"}],"replies":[{"embeddable":true,"href":"https:\/\/www.valtoria.com\/es\/wp-json\/wp\/v2\/comments?post=1549"}],"wp:featuredmedia":[{"embeddable":true,"href":"https:\/\/www.valtoria.com\/es\/wp-json\/wp\/v2\/media\/658"}],"wp:attachment":[{"href":"https:\/\/www.valtoria.com\/es\/wp-json\/wp\/v2\/media?parent=1549"}],"wp:term":[{"taxonomy":"product_brand","embeddable":true,"href":"https:\/\/www.valtoria.com\/es\/wp-json\/wp\/v2\/product_brand?post=1549"},{"taxonomy":"product_cat","embeddable":true,"href":"https:\/\/www.valtoria.com\/es\/wp-json\/wp\/v2\/product_cat?post=1549"},{"taxonomy":"product_tag","embeddable":true,"href":"https:\/\/www.valtoria.com\/es\/wp-json\/wp\/v2\/product_tag?post=1549"}],"curies":[{"name":"wp","href":"https:\/\/api.w.org\/{rel}","templated":true}]}}