{"id":1559,"date":"2025-05-22T15:31:05","date_gmt":"2025-05-22T15:31:05","guid":{"rendered":"https:\/\/www.valtoria.com\/products\/gaby\/"},"modified":"2026-03-27T10:53:30","modified_gmt":"2026-03-27T10:53:30","slug":"gaby","status":"publish","type":"product","link":"https:\/\/www.valtoria.com\/es\/productos\/gaby\/","title":{"rendered":"Gaby"},"content":{"rendered":"<p>La fusi\u00f3n perfecta entre innovaci\u00f3n y tradici\u00f3n se materializa en nuestro modelo <b>hexagonal contempor\u00e1neo Gaby<\/b>, una pieza de lujo dise\u00f1ada para quienes buscan un estilo distintivo sin comprometer la calidad. Fabricadas a mano en Jap\u00f3n por maestros artesanos, estas gafas est\u00e1n elaboradas en titanio puro, garantizando una montura ultraligera, resistente y c\u00f3moda. Su dise\u00f1o hexagonal aporta un car\u00e1cter moderno y vanguardista, mientras que los grabados exclusivos, realizados con t\u00e9cnicas de precisi\u00f3n, elevan su elegancia y exclusividad.<\/p>\n<p>Equipadas con lentes <b>ZEISS<\/b>, estas gafas ofrecen una claridad \u00f3ptica excepcional y una protecci\u00f3n total contra los rayos <b>UVA y UVB<\/b>. Su recubrimiento antirreflejante reduce el deslumbramiento y mejora la nitidez, proporcionando una experiencia visual inigualable. Las terminales de las varillas est\u00e1n cuidadosamente <b>lacadas a mano<\/b>, a\u00f1adiendo un toque de sofisticaci\u00f3n y refinamiento. Este acabado artesanal resalta la atenci\u00f3n al detalle y refuerza la personalidad \u00fanica de cada pieza.<\/p>\n<p>Producido en una <b>edici\u00f3n limitada<\/b>, este modelo garantiza que cada par sea una expresi\u00f3n \u00fanica de lujo y artesan\u00eda. Su meticuloso proceso de fabricaci\u00f3n refleja la excelencia del dise\u00f1o japon\u00e9s, convirti\u00e9ndolo en un accesorio imprescindible para quienes aprecian la perfecci\u00f3n en cada detalle.<\/p>\n<p>Una combinaci\u00f3n impecable de <b>arte, innovaci\u00f3n y exclusividad<\/b>, pensada para quienes buscan destacar con elegancia.<\/p>\n","protected":false},"excerpt":{"rendered":"<p>La fusi\u00f3n perfecta entre innovaci\u00f3n y tradici\u00f3n se materializa en nuestro modelo hexagonal contempor\u00e1neo Gaby, una pieza de lujo dise\u00f1ada para quienes buscan un estilo distintivo sin comprometer la calidad. Fabricadas a mano en Jap\u00f3n por maestros artesanos, estas gafas est\u00e1n elaboradas en titanio puro, garantizando una montura ultraligera, resistente y c\u00f3moda. Su dise\u00f1o hexagonal [&hellip;]<\/p>\n","protected":false},"featured_media":76,"comment_status":"open","ping_status":"closed","template":"","meta":{"_acf_changed":false},"product_brand":[],"product_cat":[32],"product_tag":[],"class_list":{"0":"post-1559","1":"product","2":"type-product","3":"status-publish","4":"has-post-thumbnail","6":"product_cat-sin-categoria","8":"first","9":"instock","10":"shipping-taxable","11":"purchasable","12":"product-type-variable"},"acf":[],"_links":{"self":[{"href":"https:\/\/www.valtoria.com\/es\/wp-json\/wp\/v2\/product\/1559","targetHints":{"allow":["GET"]}}],"collection":[{"href":"https:\/\/www.valtoria.com\/es\/wp-json\/wp\/v2\/product"}],"about":[{"href":"https:\/\/www.valtoria.com\/es\/wp-json\/wp\/v2\/types\/product"}],"replies":[{"embeddable":true,"href":"https:\/\/www.valtoria.com\/es\/wp-json\/wp\/v2\/comments?post=1559"}],"wp:featuredmedia":[{"embeddable":true,"href":"https:\/\/www.valtoria.com\/es\/wp-json\/wp\/v2\/media\/76"}],"wp:attachment":[{"href":"https:\/\/www.valtoria.com\/es\/wp-json\/wp\/v2\/media?parent=1559"}],"wp:term":[{"taxonomy":"product_brand","embeddable":true,"href":"https:\/\/www.valtoria.com\/es\/wp-json\/wp\/v2\/product_brand?post=1559"},{"taxonomy":"product_cat","embeddable":true,"href":"https:\/\/www.valtoria.com\/es\/wp-json\/wp\/v2\/product_cat?post=1559"},{"taxonomy":"product_tag","embeddable":true,"href":"https:\/\/www.valtoria.com\/es\/wp-json\/wp\/v2\/product_tag?post=1559"}],"curies":[{"name":"wp","href":"https:\/\/api.w.org\/{rel}","templated":true}]}}