{"id":2263,"date":"2025-05-26T10:13:53","date_gmt":"2025-05-26T10:13:53","guid":{"rendered":"https:\/\/www.valtoria.com\/products\/amaterasu\/"},"modified":"2026-03-27T10:28:35","modified_gmt":"2026-03-27T10:28:35","slug":"amaterasu","status":"publish","type":"product","link":"https:\/\/www.valtoria.com\/es\/productos\/amaterasu\/","title":{"rendered":"Amaterasu"},"content":{"rendered":"<p class=\"p1\"><span class=\"s1\">Elevando el lujo a su m\u00e1xima expresi\u00f3n, nuestro <b>modelo cuadrado Amaterasu<\/b> fusiona la artesan\u00eda japonesa con materiales de \u00e9lite para ofrecer una pieza de dise\u00f1o sofisticado y atemporal. Forjadas a mano en Jap\u00f3n por maestros artesanos, estas gafas de sol est\u00e1n fabricadas con <b>titanio puro<\/b>, un material ultraligero y duradero que garantiza una comodidad y durabilidad inigualables. Su refinada estructura presenta <b>grabados exclusivos<\/b>, creados mediante t\u00e9cnicas tradicionales, que ofrecen un nivel de detalle y exclusividad inigualables. <\/span><\/p>\n<p class=\"p1\"><span class=\"s1\">Las gafas de sol incorporan lentes <b>ZEISS<\/b>, famosas por su excelencia \u00f3ptica, que proporcionan una visi\u00f3n n\u00edtida y una protecci\u00f3n total contra los rayos <b>UVA<\/b> y <b>UVB<\/b>. Gracias a su avanzada tecnolog\u00eda, estas lentes reducen el deslumbramiento y optimizan el contraste, proporcionando una experiencia visual superior. Las patillas est\u00e1n acabadas con <b>acetatos de lujo<\/b>, seleccionados por su rareza y belleza natural.<\/span><\/p>\n<p class=\"p1\"><span class=\"s1\"> Cada pieza muestra motivos \u00fanicos. Producidas en <b>edici\u00f3n limitada<\/b>, estas gafas de sol representan la fusi\u00f3n perfecta de innovaci\u00f3n y tradici\u00f3n. Su meticuloso proceso de fabricaci\u00f3n en Jap\u00f3n garantiza un nivel de calidad inigualable para los entendidos del lujo. <\/span><\/p>\n<p class=\"p1\"><span class=\"s1\">Un modelo que encarna la esencia de la <strong>elegancia, exclusividad y perfecci\u00f3n artesanal<\/strong>.<\/span><\/p>\n","protected":false},"excerpt":{"rendered":"<p>Elevando el lujo a su m\u00e1xima expresi\u00f3n, nuestro modelo cuadrado Amaterasu fusiona la artesan\u00eda japonesa con materiales de \u00e9lite para ofrecer una pieza de dise\u00f1o sofisticado y atemporal. Forjadas a mano en Jap\u00f3n por maestros artesanos, estas gafas de sol est\u00e1n fabricadas con titanio puro, un material ultraligero y duradero que garantiza una comodidad y [&hellip;]<\/p>\n","protected":false},"featured_media":86,"comment_status":"open","ping_status":"closed","template":"","meta":{"_acf_changed":false},"product_brand":[],"product_cat":[32],"product_tag":[],"class_list":{"0":"post-2263","1":"product","2":"type-product","3":"status-publish","4":"has-post-thumbnail","6":"product_cat-sin-categoria","8":"first","9":"instock","10":"shipping-taxable","11":"purchasable","12":"product-type-variable"},"acf":[],"_links":{"self":[{"href":"https:\/\/www.valtoria.com\/es\/wp-json\/wp\/v2\/product\/2263","targetHints":{"allow":["GET"]}}],"collection":[{"href":"https:\/\/www.valtoria.com\/es\/wp-json\/wp\/v2\/product"}],"about":[{"href":"https:\/\/www.valtoria.com\/es\/wp-json\/wp\/v2\/types\/product"}],"replies":[{"embeddable":true,"href":"https:\/\/www.valtoria.com\/es\/wp-json\/wp\/v2\/comments?post=2263"}],"wp:featuredmedia":[{"embeddable":true,"href":"https:\/\/www.valtoria.com\/es\/wp-json\/wp\/v2\/media\/86"}],"wp:attachment":[{"href":"https:\/\/www.valtoria.com\/es\/wp-json\/wp\/v2\/media?parent=2263"}],"wp:term":[{"taxonomy":"product_brand","embeddable":true,"href":"https:\/\/www.valtoria.com\/es\/wp-json\/wp\/v2\/product_brand?post=2263"},{"taxonomy":"product_cat","embeddable":true,"href":"https:\/\/www.valtoria.com\/es\/wp-json\/wp\/v2\/product_cat?post=2263"},{"taxonomy":"product_tag","embeddable":true,"href":"https:\/\/www.valtoria.com\/es\/wp-json\/wp\/v2\/product_tag?post=2263"}],"curies":[{"name":"wp","href":"https:\/\/api.w.org\/{rel}","templated":true}]}}