{"id":2344,"date":"2025-06-19T10:50:06","date_gmt":"2025-06-19T10:50:06","guid":{"rendered":"https:\/\/www.valtoria.com\/products\/demi\/"},"modified":"2026-03-27T14:58:25","modified_gmt":"2026-03-27T14:58:25","slug":"demi","status":"publish","type":"product","link":"https:\/\/www.valtoria.com\/es\/productos\/demi\/","title":{"rendered":"Demi"},"content":{"rendered":"<p>Forjada con la m\u00e1s alta artesan\u00eda japonesa, nuestra gafa de lujo <b>modelo aviador Demi<\/b> es una declaraci\u00f3n de sofisticaci\u00f3n y exclusividad. Dise\u00f1ada para quienes buscan la excelencia, combina materiales de \u00e9lite con detalles \u00fanicos que la convierten en una aut\u00e9ntica obra de arte.<\/p>\n<p>Elaboradas a mano en <b>Jap\u00f3n<\/b>, estas gafas est\u00e1n confeccionadas en <b>titanio puro<\/b>, un material excepcionalmente ligero y resistente que ofrece un ajuste c\u00f3modo y una durabilidad incomparable. La montura presenta grabados \u00fanicos que aportan una est\u00e9tica refinada y distintiva.<\/p>\n<p>Equipadas con tecnolog\u00eda \u00f3ptica <b>ZEISS<\/b>, las lentes proporcionan una visi\u00f3n cristalina con protecci\u00f3n total contra los rayos <b>UVA<\/b> y <b>UVB<\/b>. Su tratamiento antirreflejo y resistencia a los ara\u00f1azos garantizan un rendimiento visual superior en cualquier entorno. El meticuloso proceso de fabricaci\u00f3n refleja el equilibrio perfecto entre tradici\u00f3n e innovaci\u00f3n, dirigido a conocedores del lujo y del dise\u00f1o atemporal.<\/p>\n<p>Cada modelo forma parte de una <b>colecci\u00f3n limitada<\/b>, fusionando creatividad y tradici\u00f3n para ofrecer un dise\u00f1o \u00fanico con una elaboraci\u00f3n impecable.<\/p>\n<p>Un icono de la artesan\u00eda japonesa, creado para quienes valoran la belleza en los detalles y la perfecci\u00f3n sin concesiones.<\/p>\n","protected":false},"excerpt":{"rendered":"<p>Forjada con la m\u00e1s alta artesan\u00eda japonesa, nuestra gafa de lujo modelo aviador Demi es una declaraci\u00f3n de sofisticaci\u00f3n y exclusividad. Dise\u00f1ada para quienes buscan la excelencia, combina materiales de \u00e9lite con detalles \u00fanicos que la convierten en una aut\u00e9ntica obra de arte. Elaboradas a mano en Jap\u00f3n, estas gafas est\u00e1n confeccionadas en titanio puro, [&hellip;]<\/p>\n","protected":false},"featured_media":676,"comment_status":"open","ping_status":"closed","template":"","meta":{"_acf_changed":false},"product_brand":[],"product_cat":[32],"product_tag":[],"class_list":{"0":"post-2344","1":"product","2":"type-product","3":"status-publish","4":"has-post-thumbnail","6":"product_cat-sin-categoria","8":"first","9":"instock","10":"shipping-taxable","11":"purchasable","12":"product-type-variable"},"acf":[],"_links":{"self":[{"href":"https:\/\/www.valtoria.com\/es\/wp-json\/wp\/v2\/product\/2344","targetHints":{"allow":["GET"]}}],"collection":[{"href":"https:\/\/www.valtoria.com\/es\/wp-json\/wp\/v2\/product"}],"about":[{"href":"https:\/\/www.valtoria.com\/es\/wp-json\/wp\/v2\/types\/product"}],"replies":[{"embeddable":true,"href":"https:\/\/www.valtoria.com\/es\/wp-json\/wp\/v2\/comments?post=2344"}],"wp:featuredmedia":[{"embeddable":true,"href":"https:\/\/www.valtoria.com\/es\/wp-json\/wp\/v2\/media\/676"}],"wp:attachment":[{"href":"https:\/\/www.valtoria.com\/es\/wp-json\/wp\/v2\/media?parent=2344"}],"wp:term":[{"taxonomy":"product_brand","embeddable":true,"href":"https:\/\/www.valtoria.com\/es\/wp-json\/wp\/v2\/product_brand?post=2344"},{"taxonomy":"product_cat","embeddable":true,"href":"https:\/\/www.valtoria.com\/es\/wp-json\/wp\/v2\/product_cat?post=2344"},{"taxonomy":"product_tag","embeddable":true,"href":"https:\/\/www.valtoria.com\/es\/wp-json\/wp\/v2\/product_tag?post=2344"}],"curies":[{"name":"wp","href":"https:\/\/api.w.org\/{rel}","templated":true}]}}