{"id":2417,"date":"2025-06-19T10:49:36","date_gmt":"2025-06-19T10:49:36","guid":{"rendered":"https:\/\/www.valtoria.com\/products\/elton\/"},"modified":"2026-03-27T14:46:34","modified_gmt":"2026-03-27T14:46:34","slug":"elton","status":"publish","type":"product","link":"https:\/\/www.valtoria.com\/es\/productos\/elton\/","title":{"rendered":"Elton"},"content":{"rendered":"<p>Estas exclusivas gafas de lujo de <b>modelo cuadrado grande Elton<\/b> combinan artesan\u00eda y dise\u00f1o vanguardista. Hechas a mano en <b>Jap\u00f3n<\/b> con <b>acetato de primera calidad<\/b>, ofrecen una estructura imponente y sofisticada, ideal para quienes buscan un estilo audaz y refinado.<\/p>\n<p>Equipadas con lentes <b>ZEISS<\/b> de alto rendimiento, garantizan una visi\u00f3n excepcional y protecci\u00f3n avanzada contra los rayos <b>UVA<\/b> y <b>UVB<\/b>, asegurando confort y seguridad en cualquier entorno. El interior de las varillas revela una meticulosa atenci\u00f3n al detalle, con <b>acabados en titanio<\/b> adornados con grabados exclusivos de la marca, reflejando su herencia artesanal y su compromiso con la excelencia.<\/p>\n<p>Como sello distintivo, las terminales incorporan un caracter\u00edstico <b>bot\u00f3n de titanio<\/b> de la firma, un toque sutil de lujo que resalta la exclusividad de la pieza. Cada par pertenece a una <b>edici\u00f3n limitada<\/b>, garantizando que solo unos pocos puedan disfrutar de su dise\u00f1o \u00fanico y su excepcional elaboraci\u00f3n. Combinando tradici\u00f3n e innovaci\u00f3n, este modelo representa el lujo refinado y la perfecci\u00f3n en cada detalle.<\/p>\n<p>Gafas dise\u00f1adas para quienes valoran la <b>calidad, la innovaci\u00f3n y un estilo inconfundible<\/b>.<\/p>\n","protected":false},"excerpt":{"rendered":"<p>Estas exclusivas gafas de lujo de modelo cuadrado grande Elton combinan artesan\u00eda y dise\u00f1o vanguardista. Hechas a mano en Jap\u00f3n con acetato de primera calidad, ofrecen una estructura imponente y sofisticada, ideal para quienes buscan un estilo audaz y refinado. Equipadas con lentes ZEISS de alto rendimiento, garantizan una visi\u00f3n excepcional y protecci\u00f3n avanzada contra [&hellip;]<\/p>\n","protected":false},"featured_media":781,"comment_status":"open","ping_status":"closed","template":"","meta":{"_acf_changed":false},"product_brand":[],"product_cat":[32],"product_tag":[],"class_list":{"0":"post-2417","1":"product","2":"type-product","3":"status-publish","4":"has-post-thumbnail","6":"product_cat-sin-categoria","8":"first","9":"instock","10":"shipping-taxable","11":"purchasable","12":"product-type-variable"},"acf":[],"_links":{"self":[{"href":"https:\/\/www.valtoria.com\/es\/wp-json\/wp\/v2\/product\/2417","targetHints":{"allow":["GET"]}}],"collection":[{"href":"https:\/\/www.valtoria.com\/es\/wp-json\/wp\/v2\/product"}],"about":[{"href":"https:\/\/www.valtoria.com\/es\/wp-json\/wp\/v2\/types\/product"}],"replies":[{"embeddable":true,"href":"https:\/\/www.valtoria.com\/es\/wp-json\/wp\/v2\/comments?post=2417"}],"wp:featuredmedia":[{"embeddable":true,"href":"https:\/\/www.valtoria.com\/es\/wp-json\/wp\/v2\/media\/781"}],"wp:attachment":[{"href":"https:\/\/www.valtoria.com\/es\/wp-json\/wp\/v2\/media?parent=2417"}],"wp:term":[{"taxonomy":"product_brand","embeddable":true,"href":"https:\/\/www.valtoria.com\/es\/wp-json\/wp\/v2\/product_brand?post=2417"},{"taxonomy":"product_cat","embeddable":true,"href":"https:\/\/www.valtoria.com\/es\/wp-json\/wp\/v2\/product_cat?post=2417"},{"taxonomy":"product_tag","embeddable":true,"href":"https:\/\/www.valtoria.com\/es\/wp-json\/wp\/v2\/product_tag?post=2417"}],"curies":[{"name":"wp","href":"https:\/\/api.w.org\/{rel}","templated":true}]}}