{"id":2516,"date":"2025-06-19T10:46:42","date_gmt":"2025-06-19T10:46:42","guid":{"rendered":"https:\/\/www.valtoria.com\/products\/josephine\/"},"modified":"2026-03-27T11:05:22","modified_gmt":"2026-03-27T11:05:22","slug":"josephine","status":"publish","type":"product","link":"https:\/\/www.valtoria.com\/es\/productos\/josephine\/","title":{"rendered":"Josephine"},"content":{"rendered":"<p>Estas exclusivas gafas de lujo de <b>modelo rectangular Josephine<\/b> combinan un dise\u00f1o sofisticado con la m\u00e1s alta artesan\u00eda japonesa. <b>Elaboradas en acetato por maestros artesanos<\/b>, destacan por su estructura estilizada y equilibrada, ofreciendo una est\u00e9tica atemporal con un ajuste c\u00f3modo y preciso.<\/p>\n<p>Equipadas con lentes <b>ZEISS<\/b> de \u00faltima generaci\u00f3n, garantizan una visi\u00f3n impecable y una protecci\u00f3n superior frente a los rayos <b>UVB<\/b> y <b>UVA<\/b>. Adem\u00e1s, su <b>tratamiento antirayaduras<\/b> asegura durabilidad y claridad \u00f3ptica en cualquier entorno.<\/p>\n<p>El interior de las varillas revela un minucioso trabajo artesanal, con detalles en <b>titanio<\/b> y grabados exclusivos de la marca, un sello distintivo de autenticidad y lujo.<\/p>\n<p>Como toque final de exclusividad, las terminales presentan detalles \u00fanicos, reflejando la cuidada atenci\u00f3n a los acabados y reafirmando su car\u00e1cter premium. Cada pieza pertenece a una edici\u00f3n limitada, donde la innovaci\u00f3n y la tradici\u00f3n se unen para ofrecer un dise\u00f1o refinado y una artesan\u00eda impecable.<\/p>\n<p>Gafas dise\u00f1adas para quienes buscan <b>excelencia, innovaci\u00f3n y una elegancia discreta pero inconfundible<\/b>.<\/p>\n","protected":false},"excerpt":{"rendered":"<p>Estas exclusivas gafas de lujo de modelo rectangular Josephine combinan un dise\u00f1o sofisticado con la m\u00e1s alta artesan\u00eda japonesa. Elaboradas en acetato por maestros artesanos, destacan por su estructura estilizada y equilibrada, ofreciendo una est\u00e9tica atemporal con un ajuste c\u00f3modo y preciso. Equipadas con lentes ZEISS de \u00faltima generaci\u00f3n, garantizan una visi\u00f3n impecable y una [&hellip;]<\/p>\n","protected":false},"featured_media":928,"comment_status":"open","ping_status":"closed","template":"","meta":{"_acf_changed":false},"product_brand":[],"product_cat":[32],"product_tag":[],"class_list":{"0":"post-2516","1":"product","2":"type-product","3":"status-publish","4":"has-post-thumbnail","6":"product_cat-sin-categoria","8":"first","9":"instock","10":"shipping-taxable","11":"purchasable","12":"product-type-variable"},"acf":[],"_links":{"self":[{"href":"https:\/\/www.valtoria.com\/es\/wp-json\/wp\/v2\/product\/2516","targetHints":{"allow":["GET"]}}],"collection":[{"href":"https:\/\/www.valtoria.com\/es\/wp-json\/wp\/v2\/product"}],"about":[{"href":"https:\/\/www.valtoria.com\/es\/wp-json\/wp\/v2\/types\/product"}],"replies":[{"embeddable":true,"href":"https:\/\/www.valtoria.com\/es\/wp-json\/wp\/v2\/comments?post=2516"}],"wp:featuredmedia":[{"embeddable":true,"href":"https:\/\/www.valtoria.com\/es\/wp-json\/wp\/v2\/media\/928"}],"wp:attachment":[{"href":"https:\/\/www.valtoria.com\/es\/wp-json\/wp\/v2\/media?parent=2516"}],"wp:term":[{"taxonomy":"product_brand","embeddable":true,"href":"https:\/\/www.valtoria.com\/es\/wp-json\/wp\/v2\/product_brand?post=2516"},{"taxonomy":"product_cat","embeddable":true,"href":"https:\/\/www.valtoria.com\/es\/wp-json\/wp\/v2\/product_cat?post=2516"},{"taxonomy":"product_tag","embeddable":true,"href":"https:\/\/www.valtoria.com\/es\/wp-json\/wp\/v2\/product_tag?post=2516"}],"curies":[{"name":"wp","href":"https:\/\/api.w.org\/{rel}","templated":true}]}}