{"id":2525,"date":"2025-06-19T10:45:35","date_gmt":"2025-06-19T10:45:35","guid":{"rendered":"https:\/\/www.valtoria.com\/products\/ryo\/"},"modified":"2026-03-27T10:25:46","modified_gmt":"2026-03-27T10:25:46","slug":"ryo","status":"publish","type":"product","link":"https:\/\/www.valtoria.com\/es\/productos\/ryo\/","title":{"rendered":"Ryo"},"content":{"rendered":"<p>Refinado y atemporal, nuestro <b>modelo cl\u00e1sico redondo Ryo<\/b> encarna la excelencia en dise\u00f1o y la artesan\u00eda japonesa. Con un equilibrio perfecto entre lujo y funcionalidad, estas gafas est\u00e1n dise\u00f1adas para quienes buscan una est\u00e9tica ic\u00f3nica combinada con materiales de la m\u00e1s alta calidad. Elaboradas a mano en Jap\u00f3n por expertos artesanos, est\u00e1n fabricadas en <b>titanio puro<\/b>, un material excepcionalmente ligero, resistente y c\u00f3modo para el uso diario.<\/p>\n<p>Este dise\u00f1o redondo cl\u00e1sico rinde homenaje a la elegancia atemporal, mientras que los <b>grabados exclusivos<\/b> en la montura aportan un nivel de distinci\u00f3n y exclusividad incomparable. Equipadas con lentes <b>ZEISS<\/b>, garantizan una claridad \u00f3ptica superior y una protecci\u00f3n total frente a los rayos <b>UVA y UVB<\/b>. Su recubrimiento antirreflejante y resistente a rayaduras asegura un rendimiento visual impecable en cualquier situaci\u00f3n.<\/p>\n<p>Las varillas presentan un exquisito <b>acabado lacado a mano<\/b>, resaltando la atenci\u00f3n al detalle y la maestr\u00eda de la artesan\u00eda japonesa. Este toque refinado a\u00f1ade un nivel extra de sofisticaci\u00f3n y lujo.<\/p>\n<p>Cada par forma parte de una <b>edici\u00f3n limitada<\/b>, asegurando que solo unos pocos puedan disfrutar de su dise\u00f1o excepcional y su meticulosa fabricaci\u00f3n. Combinando innovaci\u00f3n y tradici\u00f3n, este modelo representa la esencia del lujo discreto y la perfecci\u00f3n artesanal.<\/p>\n<p>Una pieza imprescindible para quienes valoran la <b>elegancia cl\u00e1sica, la exclusividad y una calidad inigualable<\/b>.<\/p>\n","protected":false},"excerpt":{"rendered":"<p>Refinado y atemporal, nuestro modelo cl\u00e1sico redondo Ryo encarna la excelencia en dise\u00f1o y la artesan\u00eda japonesa. Con un equilibrio perfecto entre lujo y funcionalidad, estas gafas est\u00e1n dise\u00f1adas para quienes buscan una est\u00e9tica ic\u00f3nica combinada con materiales de la m\u00e1s alta calidad. Elaboradas a mano en Jap\u00f3n por expertos artesanos, est\u00e1n fabricadas en titanio [&hellip;]<\/p>\n","protected":false},"featured_media":1203,"comment_status":"open","ping_status":"closed","template":"","meta":{"_acf_changed":false},"product_brand":[],"product_cat":[32],"product_tag":[],"class_list":{"0":"post-2525","1":"product","2":"type-product","3":"status-publish","4":"has-post-thumbnail","6":"product_cat-sin-categoria","8":"first","9":"instock","10":"shipping-taxable","11":"purchasable","12":"product-type-variable"},"acf":[],"_links":{"self":[{"href":"https:\/\/www.valtoria.com\/es\/wp-json\/wp\/v2\/product\/2525","targetHints":{"allow":["GET"]}}],"collection":[{"href":"https:\/\/www.valtoria.com\/es\/wp-json\/wp\/v2\/product"}],"about":[{"href":"https:\/\/www.valtoria.com\/es\/wp-json\/wp\/v2\/types\/product"}],"replies":[{"embeddable":true,"href":"https:\/\/www.valtoria.com\/es\/wp-json\/wp\/v2\/comments?post=2525"}],"wp:featuredmedia":[{"embeddable":true,"href":"https:\/\/www.valtoria.com\/es\/wp-json\/wp\/v2\/media\/1203"}],"wp:attachment":[{"href":"https:\/\/www.valtoria.com\/es\/wp-json\/wp\/v2\/media?parent=2525"}],"wp:term":[{"taxonomy":"product_brand","embeddable":true,"href":"https:\/\/www.valtoria.com\/es\/wp-json\/wp\/v2\/product_brand?post=2525"},{"taxonomy":"product_cat","embeddable":true,"href":"https:\/\/www.valtoria.com\/es\/wp-json\/wp\/v2\/product_cat?post=2525"},{"taxonomy":"product_tag","embeddable":true,"href":"https:\/\/www.valtoria.com\/es\/wp-json\/wp\/v2\/product_tag?post=2525"}],"curies":[{"name":"wp","href":"https:\/\/api.w.org\/{rel}","templated":true}]}}