{"id":2535,"date":"2025-06-19T10:48:48","date_gmt":"2025-06-19T10:48:48","guid":{"rendered":"https:\/\/www.valtoria.com\/products\/sailor\/"},"modified":"2026-03-27T13:58:37","modified_gmt":"2026-03-27T13:58:37","slug":"sailor","status":"publish","type":"product","link":"https:\/\/www.valtoria.com\/es\/productos\/sailor\/","title":{"rendered":"Sailor"},"content":{"rendered":"<p>Estas exclusivas gafas de lujo de <b>modelo cl\u00e1sico Sailor<\/b> encapsulan la elegancia atemporal con un dise\u00f1o sofisticado y equilibrado. Hechas a mano en <b>Jap\u00f3n<\/b> con <b>acetato de la m\u00e1s alta calidad<\/b>, destacan por su estructura impecable, fusionando tradici\u00f3n y modernidad en una pieza \u00fanica.<\/p>\n<p>Equipadas con lentes <b>ZEISS<\/b> de precisi\u00f3n \u00f3ptica superior, garantizan una visi\u00f3n n\u00edtida y una protecci\u00f3n avanzada contra los rayos <b>UVB y UVA<\/b>, proporcionando confort y seguridad en cualquier situaci\u00f3n. El interior de las varillas refleja un trabajo artesanal excepcional, con <b>detalles en titanio y grabados exclusivos de la marca<\/b>, lo que resalta la meticulosa atenci\u00f3n al detalle y la excelencia en cada acabado.<\/p>\n<p>Como distintivo final de lujo, las terminales tambi\u00e9n presentan detalles en titanio, aportando un toque de sofisticaci\u00f3n sutil pero inconfundible. Cada par pertenece a una <b>colecci\u00f3n limitada<\/b>, asegurando su exclusividad y distinci\u00f3n en el dise\u00f1o. Con una fusi\u00f3n de tradici\u00f3n e innovaci\u00f3n, este modelo simboliza la elegancia sutil y la maestr\u00eda en su fabricaci\u00f3n.<\/p>\n<p>Gafas dise\u00f1adas para quienes aprecian la <b>calidad, el refinamiento y un estilo cl\u00e1sico que perdura en el tiempo<\/b>.<\/p>\n","protected":false},"excerpt":{"rendered":"<p>Estas exclusivas gafas de lujo de modelo cl\u00e1sico Sailor encapsulan la elegancia atemporal con un dise\u00f1o sofisticado y equilibrado. Hechas a mano en Jap\u00f3n con acetato de la m\u00e1s alta calidad, destacan por su estructura impecable, fusionando tradici\u00f3n y modernidad en una pieza \u00fanica. Equipadas con lentes ZEISS de precisi\u00f3n \u00f3ptica superior, garantizan una visi\u00f3n [&hellip;]<\/p>\n","protected":false},"featured_media":1229,"comment_status":"open","ping_status":"closed","template":"","meta":{"_acf_changed":false},"product_brand":[],"product_cat":[32],"product_tag":[],"class_list":{"0":"post-2535","1":"product","2":"type-product","3":"status-publish","4":"has-post-thumbnail","6":"product_cat-sin-categoria","8":"first","9":"instock","10":"shipping-taxable","11":"purchasable","12":"product-type-variable"},"acf":[],"_links":{"self":[{"href":"https:\/\/www.valtoria.com\/es\/wp-json\/wp\/v2\/product\/2535","targetHints":{"allow":["GET"]}}],"collection":[{"href":"https:\/\/www.valtoria.com\/es\/wp-json\/wp\/v2\/product"}],"about":[{"href":"https:\/\/www.valtoria.com\/es\/wp-json\/wp\/v2\/types\/product"}],"replies":[{"embeddable":true,"href":"https:\/\/www.valtoria.com\/es\/wp-json\/wp\/v2\/comments?post=2535"}],"wp:featuredmedia":[{"embeddable":true,"href":"https:\/\/www.valtoria.com\/es\/wp-json\/wp\/v2\/media\/1229"}],"wp:attachment":[{"href":"https:\/\/www.valtoria.com\/es\/wp-json\/wp\/v2\/media?parent=2535"}],"wp:term":[{"taxonomy":"product_brand","embeddable":true,"href":"https:\/\/www.valtoria.com\/es\/wp-json\/wp\/v2\/product_brand?post=2535"},{"taxonomy":"product_cat","embeddable":true,"href":"https:\/\/www.valtoria.com\/es\/wp-json\/wp\/v2\/product_cat?post=2535"},{"taxonomy":"product_tag","embeddable":true,"href":"https:\/\/www.valtoria.com\/es\/wp-json\/wp\/v2\/product_tag?post=2535"}],"curies":[{"name":"wp","href":"https:\/\/api.w.org\/{rel}","templated":true}]}}