{"id":2543,"date":"2025-06-19T10:44:35","date_gmt":"2025-06-19T10:44:35","guid":{"rendered":"https:\/\/www.valtoria.com\/products\/tina\/"},"modified":"2026-03-27T10:27:42","modified_gmt":"2026-03-27T10:27:42","slug":"tina","status":"publish","type":"product","link":"https:\/\/www.valtoria.com\/es\/productos\/tina\/","title":{"rendered":"Tina"},"content":{"rendered":"<p>Estas exclusivas gafas de lujo en <b>modelo Cat-Eye Tina <\/b> destacan por su dise\u00f1o elegante y atemporal, elaboradas a mano en Jap\u00f3n con <b>acetato de primera calidad<\/b>. Su silueta estilizada y sofisticada realza la mirada, fusionando a la perfecci\u00f3n tradici\u00f3n y modernidad.<\/p>\n<p>Incorporan lentes <b>ZEISS<\/b>, reconocidas por su precisi\u00f3n \u00f3ptica, que ofrecen protecci\u00f3n total frente a los rayos <b>UVA y UVB<\/b> y una experiencia visual impecable. El interior de las varillas revela detalles en <b>titanio<\/b>, mientras que las terminales presentan grabados distintivos de la marca que refuerzan su exclusividad. Como toque final, el <b>bot\u00f3n de titanio<\/b> de la marca aporta un detalle sutil pero inconfundible que refleja la atenci\u00f3n al detalle y la excelencia en la fabricaci\u00f3n.<\/p>\n<p>Cada pieza forma parte de una <b>serie limitada<\/b>, garantizando que solo unos pocos puedan disfrutar de su dise\u00f1o exclusivo y su cuidada elaboraci\u00f3n. Este modelo equilibra innovaci\u00f3n y tradici\u00f3n, reflejando un lujo discreto y una calidad excepcional.<\/p>\n<p>Una pieza dise\u00f1ada para quienes buscan <b>lujo, precisi\u00f3n y un estilo incomparable<\/b>.<\/p>\n","protected":false},"excerpt":{"rendered":"<p>Estas exclusivas gafas de lujo en modelo Cat-Eye Tina destacan por su dise\u00f1o elegante y atemporal, elaboradas a mano en Jap\u00f3n con acetato de primera calidad. Su silueta estilizada y sofisticada realza la mirada, fusionando a la perfecci\u00f3n tradici\u00f3n y modernidad. Incorporan lentes ZEISS, reconocidas por su precisi\u00f3n \u00f3ptica, que ofrecen protecci\u00f3n total frente a [&hellip;]<\/p>\n","protected":false},"featured_media":1328,"comment_status":"open","ping_status":"closed","template":"","meta":{"_acf_changed":false},"product_brand":[],"product_cat":[32],"product_tag":[],"class_list":{"0":"post-2543","1":"product","2":"type-product","3":"status-publish","4":"has-post-thumbnail","6":"product_cat-sin-categoria","8":"first","9":"instock","10":"shipping-taxable","11":"purchasable","12":"product-type-variable"},"acf":[],"_links":{"self":[{"href":"https:\/\/www.valtoria.com\/es\/wp-json\/wp\/v2\/product\/2543","targetHints":{"allow":["GET"]}}],"collection":[{"href":"https:\/\/www.valtoria.com\/es\/wp-json\/wp\/v2\/product"}],"about":[{"href":"https:\/\/www.valtoria.com\/es\/wp-json\/wp\/v2\/types\/product"}],"replies":[{"embeddable":true,"href":"https:\/\/www.valtoria.com\/es\/wp-json\/wp\/v2\/comments?post=2543"}],"wp:featuredmedia":[{"embeddable":true,"href":"https:\/\/www.valtoria.com\/es\/wp-json\/wp\/v2\/media\/1328"}],"wp:attachment":[{"href":"https:\/\/www.valtoria.com\/es\/wp-json\/wp\/v2\/media?parent=2543"}],"wp:term":[{"taxonomy":"product_brand","embeddable":true,"href":"https:\/\/www.valtoria.com\/es\/wp-json\/wp\/v2\/product_brand?post=2543"},{"taxonomy":"product_cat","embeddable":true,"href":"https:\/\/www.valtoria.com\/es\/wp-json\/wp\/v2\/product_cat?post=2543"},{"taxonomy":"product_tag","embeddable":true,"href":"https:\/\/www.valtoria.com\/es\/wp-json\/wp\/v2\/product_tag?post=2543"}],"curies":[{"name":"wp","href":"https:\/\/api.w.org\/{rel}","templated":true}]}}