{"id":2550,"date":"2025-06-19T10:44:00","date_gmt":"2025-06-19T10:44:00","guid":{"rendered":"https:\/\/www.valtoria.com\/products\/victoria\/"},"modified":"2026-04-03T08:07:31","modified_gmt":"2026-04-03T08:07:31","slug":"victoria","status":"publish","type":"product","link":"https:\/\/www.valtoria.com\/es\/productos\/victoria\/","title":{"rendered":"Victoria"},"content":{"rendered":"<p class=\"p1\"><span class=\"s1\">Reflejando la m\u00e1xima sofisticaci\u00f3n y precisi\u00f3n artesanal, el <b>modelo contempor\u00e1neo diamante Victoria<\/b> es una obra maestra del dise\u00f1o. Su forma geom\u00e9trica distintiva y su meticulosa elaboraci\u00f3n<b>\u00a0<\/b>lo convierten en una pieza \u00fanica, pensada para los verdaderos conocedores del lujo. Cada montura es cuidadosamente hecha a mano en Jap\u00f3n, utilizando <b>titanio puro<\/b>, un material reconocido por su ligereza, resistencia y durabilidad. Su dise\u00f1o <b>diamante<\/b>, con l\u00edneas angulares y equilibradas, aporta un aire contempor\u00e1neo y vanguardista. Los grabados \u00fanicos, elaborados con t\u00e9cnicas tradicionales, a\u00f1aden un nivel de detalle y exclusividad incomparables. <\/span><\/p>\n<p class=\"p1\"><span class=\"s1\">Los lentes de <b>ZEISS<\/b>, l\u00edderes en tecnolog\u00eda \u00f3ptica, garantizan una visi\u00f3n cristalina con protecci\u00f3n total contra los rayos <b>UVA y UVB<\/b>. Gracias a su tratamiento antirreflejo y resistencia a ara\u00f1azos, ofrecen un rendimiento visual impecable en cualquier condici\u00f3n. Las terminales de las varillas est\u00e1n elaboradas en <\/span> <span class=\"s1\"><b>acetato de alta calidad<\/b>, seleccionado por su textura suave y su exclusividad. Este detalle no solo realza la est\u00e9tica de las gafas, sino que tambi\u00e9n proporciona un ajuste c\u00f3modo y ergon\u00f3mico. <\/span><\/p>\n<p class=\"p1\"><span class=\"s1\">Cada par es parte de una<b> edici\u00f3n limitada,<\/b> asegurando que solo unos pocos puedan disfrutar de su dise\u00f1o y artesan\u00eda inigualables. Con su combinaci\u00f3n de innovaci\u00f3n y tradici\u00f3n japonesa, este modelo redefine el concepto de lujo contempor\u00e1neo. <\/span><\/p>\n<p class=\"p1\"><span class=\"s1\">Una expresi\u00f3n perfecta de <b>elegancia<\/b>, <b>precisi\u00f3n <\/b>y <b>exclusividad<\/b>, dise\u00f1ada para quienes buscan destacar con una pieza \u00fanica.<\/span><\/p>\n","protected":false},"excerpt":{"rendered":"<p>Reflejando la m\u00e1xima sofisticaci\u00f3n y precisi\u00f3n artesanal, el modelo contempor\u00e1neo diamante Victoria es una obra maestra del dise\u00f1o. Su forma geom\u00e9trica distintiva y su meticulosa elaboraci\u00f3n\u00a0lo convierten en una pieza \u00fanica, pensada para los verdaderos conocedores del lujo. Cada montura es cuidadosamente hecha a mano en Jap\u00f3n, utilizando titanio puro, un material reconocido por su [&hellip;]<\/p>\n","protected":false},"featured_media":1527,"comment_status":"open","ping_status":"closed","template":"","meta":{"_acf_changed":false},"product_brand":[],"product_cat":[32],"product_tag":[],"class_list":{"0":"post-2550","1":"product","2":"type-product","3":"status-publish","4":"has-post-thumbnail","6":"product_cat-sin-categoria","8":"first","9":"instock","10":"shipping-taxable","11":"purchasable","12":"product-type-variable"},"acf":[],"_links":{"self":[{"href":"https:\/\/www.valtoria.com\/es\/wp-json\/wp\/v2\/product\/2550","targetHints":{"allow":["GET"]}}],"collection":[{"href":"https:\/\/www.valtoria.com\/es\/wp-json\/wp\/v2\/product"}],"about":[{"href":"https:\/\/www.valtoria.com\/es\/wp-json\/wp\/v2\/types\/product"}],"replies":[{"embeddable":true,"href":"https:\/\/www.valtoria.com\/es\/wp-json\/wp\/v2\/comments?post=2550"}],"wp:featuredmedia":[{"embeddable":true,"href":"https:\/\/www.valtoria.com\/es\/wp-json\/wp\/v2\/media\/1527"}],"wp:attachment":[{"href":"https:\/\/www.valtoria.com\/es\/wp-json\/wp\/v2\/media?parent=2550"}],"wp:term":[{"taxonomy":"product_brand","embeddable":true,"href":"https:\/\/www.valtoria.com\/es\/wp-json\/wp\/v2\/product_brand?post=2550"},{"taxonomy":"product_cat","embeddable":true,"href":"https:\/\/www.valtoria.com\/es\/wp-json\/wp\/v2\/product_cat?post=2550"},{"taxonomy":"product_tag","embeddable":true,"href":"https:\/\/www.valtoria.com\/es\/wp-json\/wp\/v2\/product_tag?post=2550"}],"curies":[{"name":"wp","href":"https:\/\/api.w.org\/{rel}","templated":true}]}}