{"id":3180,"date":"2025-06-19T10:47:58","date_gmt":"2025-06-19T10:47:58","guid":{"rendered":"https:\/\/www.valtoria.com\/products\/helios\/"},"modified":"2026-03-27T11:33:08","modified_gmt":"2026-03-27T11:33:08","slug":"helios","status":"publish","type":"product","link":"https:\/\/www.valtoria.com\/es\/productos\/helios\/","title":{"rendered":"Helios"},"content":{"rendered":"<p>El equilibrio perfecto entre tradici\u00f3n y modernidad se refleja en nuestro <b>cl\u00e1sico modelo ovalado Helios<\/b>, una pieza de lujo dise\u00f1ada para quienes valoran la excelencia en cada detalle. Hechas a mano en Jap\u00f3n por <b>expertos artesanos<\/b>, estas gafas est\u00e1n fabricadas en <b>titanio puro<\/b>, un material ligero, duradero y altamente resistente.<\/p>\n<p>Su cl\u00e1sico <b>dise\u00f1o ovalado<\/b> evoca una elegancia atemporal, mientras que los <b>grabados exclusivos<\/b> en la montura a\u00f1aden un toque inigualable de distinci\u00f3n y sofisticaci\u00f3n. Equipadas con lentes <b>ZEISS<\/b>, ofrecen una visi\u00f3n n\u00edtida y protecci\u00f3n total frente a los rayos <b>UVA<\/b> y <b>UVB<\/b>. La tecnolog\u00eda avanzada incorpora un recubrimiento antirreflejante y resistente a rayaduras, garantizando una experiencia visual superior en cualquier entorno.<\/p>\n<p>Las patillas est\u00e1n elaboradas con <b>acetato de alta calidad<\/b>, proporcionando un ajuste c\u00f3modo y una est\u00e9tica refinada. Cada pieza de acetato se selecciona por su textura \u00fanica, garantizando que cada par sea una obra de arte exclusiva.<\/p>\n<p>Producido en <b>edici\u00f3n limitada<\/b>, este modelo captura la esencia de la <b>artesan\u00eda japonesa<\/b>, asegurando que cada par sea una expresi\u00f3n \u00fanica de elegancia y precisi\u00f3n.<\/p>\n<p>Dise\u00f1adas para quienes buscan un estilo <b>cl\u00e1sico<\/b> pero <b>exclusivo<\/b>, estas gafas combinan lujo, tradici\u00f3n y una calidad inigualable.<\/p>\n","protected":false},"excerpt":{"rendered":"<p>El equilibrio perfecto entre tradici\u00f3n y modernidad se refleja en nuestro cl\u00e1sico modelo ovalado Helios, una pieza de lujo dise\u00f1ada para quienes valoran la excelencia en cada detalle. Hechas a mano en Jap\u00f3n por expertos artesanos, estas gafas est\u00e1n fabricadas en titanio puro, un material ligero, duradero y altamente resistente. Su cl\u00e1sico dise\u00f1o ovalado evoca [&hellip;]<\/p>\n","protected":false},"featured_media":839,"comment_status":"open","ping_status":"closed","template":"","meta":{"_acf_changed":false},"product_brand":[],"product_cat":[32],"product_tag":[],"class_list":{"0":"post-3180","1":"product","2":"type-product","3":"status-publish","4":"has-post-thumbnail","6":"product_cat-sin-categoria","8":"first","9":"instock","10":"shipping-taxable","11":"purchasable","12":"product-type-variable"},"acf":[],"_links":{"self":[{"href":"https:\/\/www.valtoria.com\/es\/wp-json\/wp\/v2\/product\/3180","targetHints":{"allow":["GET"]}}],"collection":[{"href":"https:\/\/www.valtoria.com\/es\/wp-json\/wp\/v2\/product"}],"about":[{"href":"https:\/\/www.valtoria.com\/es\/wp-json\/wp\/v2\/types\/product"}],"replies":[{"embeddable":true,"href":"https:\/\/www.valtoria.com\/es\/wp-json\/wp\/v2\/comments?post=3180"}],"wp:featuredmedia":[{"embeddable":true,"href":"https:\/\/www.valtoria.com\/es\/wp-json\/wp\/v2\/media\/839"}],"wp:attachment":[{"href":"https:\/\/www.valtoria.com\/es\/wp-json\/wp\/v2\/media?parent=3180"}],"wp:term":[{"taxonomy":"product_brand","embeddable":true,"href":"https:\/\/www.valtoria.com\/es\/wp-json\/wp\/v2\/product_brand?post=3180"},{"taxonomy":"product_cat","embeddable":true,"href":"https:\/\/www.valtoria.com\/es\/wp-json\/wp\/v2\/product_cat?post=3180"},{"taxonomy":"product_tag","embeddable":true,"href":"https:\/\/www.valtoria.com\/es\/wp-json\/wp\/v2\/product_tag?post=3180"}],"curies":[{"name":"wp","href":"https:\/\/api.w.org\/{rel}","templated":true}]}}